{"id":1587,"date":"2020-12-07T16:55:36","date_gmt":"2020-12-07T15:55:36","guid":{"rendered":"http:\/\/masques.notrestudio.fr\/contact\/"},"modified":"2020-12-07T16:56:48","modified_gmt":"2020-12-07T15:56:48","slug":"contact","status":"publish","type":"page","link":"https:\/\/masques.notrestudio.fr\/en\/contact\/","title":{"rendered":"Contact"},"content":{"rendered":"<p>[et_pb_section fb_built=&#8221;1&#8243; _builder_version=&#8221;4.4.4&#8243; _module_preset=&#8221;default&#8221;][et_pb_row _builder_version=&#8221;4.4.4&#8243; custom_padding=&#8221;||4px|||&#8221; _module_preset=&#8221;default&#8221;][et_pb_column type=&#8221;4_4&#8243; _builder_version=&#8221;4.4.4&#8243; _module_preset=&#8221;default&#8221;][et_pb_post_title meta=&#8221;off&#8221; featured_image=&#8221;off&#8221; _builder_version=&#8221;4.6.3&#8243; title_font=&#8221;|300||on|||||&#8221; title_text_color=&#8221;#646469&#8243; title_font_size=&#8221;70px&#8221; custom_margin=&#8221;||5px|||&#8221; title_font_size_tablet=&#8221;50px&#8221; title_font_size_phone=&#8221;40px&#8221; title_font_size_last_edited=&#8221;on|phone&#8221; _module_preset=&#8221;default&#8221;][\/et_pb_post_title][et_pb_divider divider_weight=&#8221;5px&#8221; _builder_version=&#8221;4.4.4&#8243; max_width=&#8221;80px&#8221; _module_preset=&#8221;default&#8221;][\/et_pb_divider][et_pb_contact_form use_spam_service=&#8221;on&#8221; recaptcha_list=&#8221;add_new_account&#8221; recaptcha_account_name=&#8221;NS&#8221; recaptcha_site_key=&#8221;6Ld9rboUAAAAAGxEb5yr-r-lz9-xlE9xMNqCTzM1&#8243; recaptcha_secret_key=&#8221;6Ld9rboUAAAAACkSFFTGH-zfPrAUsL3_dzdtrhgS&#8221; email=&#8221;shop@texinov.fr, masques@texinov.fr&#8221; custom_message=&#8221;Un nouveau message du formulaire de contact de la boutique de vente de masques : ||et_pb_line_break_holder||||et_pb_line_break_holder||Nom \/ pr\u00e9nom : %%Name%%||et_pb_line_break_holder||E-mail : %%Email%%||et_pb_line_break_holder||T\u00e9l\u00e9phone : %%telephone%%||et_pb_line_break_holder||Soci\u00e9t\u00e9 : %%societe%%||et_pb_line_break_holder||||et_pb_line_break_holder||-||et_pb_line_break_holder||||et_pb_line_break_holder||Message : %%Message%%||et_pb_line_break_holder||-||et_pb_line_break_holder||Cases coch\u00e9es : ||et_pb_line_break_holder||||et_pb_line_break_holder||%%RGPD%%||et_pb_line_break_holder||-||et_pb_line_break_holder||%%newsletters%%&#8221; success_message=&#8221;Merci pour votre message. Nous allons vous r\u00e9pondre par e-mail&#8221; submit_button_text=&#8221;Send&#8221; _builder_version=&#8221;4.7.3&#8243; custom_button=&#8221;on&#8221; button_font=&#8221;|||on|||||&#8221; custom_margin=&#8221;||60px|||&#8221; _module_preset=&#8221;default&#8221;][et_pb_contact_field field_id=&#8221;Name&#8221; field_title=&#8221;Last name \/ Name *&#8221; _builder_version=&#8221;4.4.4&#8243; button_text_size__hover_enabled=&#8221;off&#8221; button_one_text_size__hover_enabled=&#8221;off&#8221; button_two_text_size__hover_enabled=&#8221;off&#8221; button_text_color__hover_enabled=&#8221;off&#8221; button_one_text_color__hover_enabled=&#8221;off&#8221; button_two_text_color__hover_enabled=&#8221;off&#8221; button_border_width__hover_enabled=&#8221;off&#8221; button_one_border_width__hover_enabled=&#8221;off&#8221; button_two_border_width__hover_enabled=&#8221;off&#8221; button_border_color__hover_enabled=&#8221;off&#8221; button_one_border_color__hover_enabled=&#8221;off&#8221; button_two_border_color__hover_enabled=&#8221;off&#8221; button_border_radius__hover_enabled=&#8221;off&#8221; button_one_border_radius__hover_enabled=&#8221;off&#8221; button_two_border_radius__hover_enabled=&#8221;off&#8221; button_letter_spacing__hover_enabled=&#8221;off&#8221; button_one_letter_spacing__hover_enabled=&#8221;off&#8221; button_two_letter_spacing__hover_enabled=&#8221;off&#8221; button_bg_color__hover_enabled=&#8221;off&#8221; button_one_bg_color__hover_enabled=&#8221;off&#8221; button_two_bg_color__hover_enabled=&#8221;off&#8221; _module_preset=&#8221;default&#8221;][\/et_pb_contact_field][et_pb_contact_field field_id=&#8221;Email&#8221; field_title=&#8221;E-mail adress *&#8221; field_type=&#8221;email&#8221; _builder_version=&#8221;4.4.4&#8243; button_text_size__hover_enabled=&#8221;off&#8221; button_one_text_size__hover_enabled=&#8221;off&#8221; button_two_text_size__hover_enabled=&#8221;off&#8221; button_text_color__hover_enabled=&#8221;off&#8221; button_one_text_color__hover_enabled=&#8221;off&#8221; button_two_text_color__hover_enabled=&#8221;off&#8221; button_border_width__hover_enabled=&#8221;off&#8221; button_one_border_width__hover_enabled=&#8221;off&#8221; button_two_border_width__hover_enabled=&#8221;off&#8221; button_border_color__hover_enabled=&#8221;off&#8221; button_one_border_color__hover_enabled=&#8221;off&#8221; button_two_border_color__hover_enabled=&#8221;off&#8221; button_border_radius__hover_enabled=&#8221;off&#8221; button_one_border_radius__hover_enabled=&#8221;off&#8221; button_two_border_radius__hover_enabled=&#8221;off&#8221; button_letter_spacing__hover_enabled=&#8221;off&#8221; button_one_letter_spacing__hover_enabled=&#8221;off&#8221; button_two_letter_spacing__hover_enabled=&#8221;off&#8221; button_bg_color__hover_enabled=&#8221;off&#8221; button_one_bg_color__hover_enabled=&#8221;off&#8221; button_two_bg_color__hover_enabled=&#8221;off&#8221; _module_preset=&#8221;default&#8221;][\/et_pb_contact_field][et_pb_contact_field field_id=&#8221;telephone&#8221; field_title=&#8221;Phone&#8221; required_mark=&#8221;off&#8221; _builder_version=&#8221;4.6.3&#8243; _module_preset=&#8221;default&#8221;][\/et_pb_contact_field][et_pb_contact_field field_id=&#8221;societe&#8221; field_title=&#8221;Society&#8221; required_mark=&#8221;off&#8221; _builder_version=&#8221;4.6.3&#8243; _module_preset=&#8221;default&#8221;][\/et_pb_contact_field][et_pb_contact_field field_id=&#8221;Message&#8221; field_title=&#8221;Message&#8221; field_type=&#8221;text&#8221; fullwidth_field=&#8221;on&#8221; _builder_version=&#8221;3.16&#8243; button_text_size__hover_enabled=&#8221;off&#8221; button_one_text_size__hover_enabled=&#8221;off&#8221; button_two_text_size__hover_enabled=&#8221;off&#8221; button_text_color__hover_enabled=&#8221;off&#8221; button_one_text_color__hover_enabled=&#8221;off&#8221; button_two_text_color__hover_enabled=&#8221;off&#8221; button_border_width__hover_enabled=&#8221;off&#8221; button_one_border_width__hover_enabled=&#8221;off&#8221; button_two_border_width__hover_enabled=&#8221;off&#8221; button_border_color__hover_enabled=&#8221;off&#8221; button_one_border_color__hover_enabled=&#8221;off&#8221; button_two_border_color__hover_enabled=&#8221;off&#8221; button_border_radius__hover_enabled=&#8221;off&#8221; button_one_border_radius__hover_enabled=&#8221;off&#8221; button_two_border_radius__hover_enabled=&#8221;off&#8221; button_letter_spacing__hover_enabled=&#8221;off&#8221; button_one_letter_spacing__hover_enabled=&#8221;off&#8221; button_two_letter_spacing__hover_enabled=&#8221;off&#8221; button_bg_color__hover_enabled=&#8221;off&#8221; button_one_bg_color__hover_enabled=&#8221;off&#8221; button_two_bg_color__hover_enabled=&#8221;off&#8221; _module_preset=&#8221;default&#8221;][\/et_pb_contact_field][et_pb_contact_field field_id=&#8221;RGPD&#8221; field_title=&#8221; &#8221; field_type=&#8221;checkbox&#8221; checkbox_options=&#8221;%91{%22value%22:%22By completing this form, I agree that the information will be used by MDB Texinov to contact me%22,%22checked%22:1,%22dragID%22:-1}%93&#8243; fullwidth_field=&#8221;on&#8221; _builder_version=&#8221;4.7.3&#8243; _module_preset=&#8221;default&#8221;][\/et_pb_contact_field][et_pb_contact_field field_id=&#8221;newsletters&#8221; field_title=&#8221; &#8221; field_type=&#8221;checkbox&#8221; checkbox_options=&#8221;%91{%22value%22:%22I would like to receive promotional offers from the Texinov store by e-mail%22,%22checked%22:0,%22dragID%22:-1}%93&#8243; required_mark=&#8221;off&#8221; fullwidth_field=&#8221;on&#8221; _builder_version=&#8221;4.6.3&#8243; _module_preset=&#8221;default&#8221;][\/et_pb_contact_field][\/et_pb_contact_form][\/et_pb_column][\/et_pb_row][\/et_pb_section]<\/p>\n","protected":false},"excerpt":{"rendered":"<p>[et_pb_section fb_built=&#8221;1&#8243; _builder_version=&#8221;4.4.4&#8243; _module_preset=&#8221;default&#8221;][et_pb_row _builder_version=&#8221;4.4.4&#8243; custom_padding=&#8221;||4px|||&#8221; _module_preset=&#8221;default&#8221;][et_pb_column type=&#8221;4_4&#8243; _builder_version=&#8221;4.4.4&#8243; _module_preset=&#8221;default&#8221;][et_pb_post_title meta=&#8221;off&#8221; featured_image=&#8221;off&#8221; _builder_version=&#8221;4.6.3&#8243; title_font=&#8221;|300||on|||||&#8221; title_text_color=&#8221;#646469&#8243; title_font_size=&#8221;70px&#8221; custom_margin=&#8221;||5px|||&#8221; title_font_size_tablet=&#8221;50px&#8221; title_font_size_phone=&#8221;40px&#8221; title_font_size_last_edited=&#8221;on|phone&#8221; _module_preset=&#8221;default&#8221;][\/et_pb_post_title][et_pb_divider divider_weight=&#8221;5px&#8221; _builder_version=&#8221;4.4.4&#8243; max_width=&#8221;80px&#8221; _module_preset=&#8221;default&#8221;][\/et_pb_divider][et_pb_contact_form use_spam_service=&#8221;on&#8221; recaptcha_list=&#8221;add_new_account&#8221; recaptcha_account_name=&#8221;NS&#8221; recaptcha_site_key=&#8221;6Ld9rboUAAAAAGxEb5yr-r-lz9-xlE9xMNqCTzM1&#8243; recaptcha_secret_key=&#8221;6Ld9rboUAAAAACkSFFTGH-zfPrAUsL3_dzdtrhgS&#8221; email=&#8221;shop@texinov.fr, masques@texinov.fr&#8221; custom_message=&#8221;Un nouveau message du formulaire de contact de la boutique de vente de masques : ||et_pb_line_break_holder||||et_pb_line_break_holder||Nom \/ pr\u00e9nom : %%Name%%||et_pb_line_break_holder||E-mail : %%Email%%||et_pb_line_break_holder||T\u00e9l\u00e9phone : [&hellip;]<\/p>\n","protected":false},"author":1,"featured_media":0,"parent":0,"menu_order":0,"comment_status":"closed","ping_status":"closed","template":"","meta":{"_et_pb_use_builder":"on","_et_pb_old_content":"","_et_gb_content_width":""},"_links":{"self":[{"href":"https:\/\/masques.notrestudio.fr\/en\/wp-json\/wp\/v2\/pages\/1587"}],"collection":[{"href":"https:\/\/masques.notrestudio.fr\/en\/wp-json\/wp\/v2\/pages"}],"about":[{"href":"https:\/\/masques.notrestudio.fr\/en\/wp-json\/wp\/v2\/types\/page"}],"author":[{"embeddable":true,"href":"https:\/\/masques.notrestudio.fr\/en\/wp-json\/wp\/v2\/users\/1"}],"replies":[{"embeddable":true,"href":"https:\/\/masques.notrestudio.fr\/en\/wp-json\/wp\/v2\/comments?post=1587"}],"version-history":[{"count":2,"href":"https:\/\/masques.notrestudio.fr\/en\/wp-json\/wp\/v2\/pages\/1587\/revisions"}],"predecessor-version":[{"id":1589,"href":"https:\/\/masques.notrestudio.fr\/en\/wp-json\/wp\/v2\/pages\/1587\/revisions\/1589"}],"wp:attachment":[{"href":"https:\/\/masques.notrestudio.fr\/en\/wp-json\/wp\/v2\/media?parent=1587"}],"curies":[{"name":"wp","href":"https:\/\/api.w.org\/{rel}","templated":true}]}}